{"id":284,"date":"2022-11-23T11:06:50","date_gmt":"2022-11-23T14:06:50","guid":{"rendered":"https:\/\/morenoysunyer.com\/esp\/?post_type=product&#038;p=284"},"modified":"2023-10-17T17:24:08","modified_gmt":"2023-10-17T20:24:08","slug":"hotel-60-hab-punta-del-este","status":"publish","type":"product","link":"https:\/\/morenoysunyer.com\/esp\/producto\/hotel-60-hab-punta-del-este\/","title":{"rendered":"Hotel 60 hab. Punta del Este"},"content":{"rendered":"<h3>\u00a0<span class=\"fontstyle0\">Un hotel acogedor y completo<\/span><\/h3>\r\n<p><span class=\"fontstyle0\">Adem\u00e1s de estar muy bien situado, el Hotel est\u00e1 equipado con todo lo necesario para ofrecer una experiencia inolvidable a sus hu\u00e9spedes:<\/span><\/p>\r\n<ul>\r\n<li><span class=\"fontstyle0\">6 plantas, 4 pisos, 1 subsuelo con 12 plazas de estacionamiento.<\/span><\/li>\r\n<li><span class=\"fontstyle0\">60 habitaciones con televisores por cable, mini bares y suelos de <\/span><span class=\"fontstyle0\">parqu\u00e9t o moquete.<\/span><\/li>\r\n<li><span class=\"fontstyle0\">Living<\/span><\/li>\r\n<li><span class=\"fontstyle0\">Cafeter\u00eda<\/span><\/li>\r\n<li><span class=\"fontstyle0\">Terraza exterior<\/span><\/li>\r\n<li><span class=\"fontstyle0\">Sala de comedor para el desayuno<\/span><\/li>\r\n<li><span class=\"fontstyle0\">Terraza exterior con deck.<\/span><\/li>\r\n<li><span class=\"fontstyle0\">Cocina<\/span><\/li>\r\n<li><span class=\"fontstyle0\">Lavadero y dep\u00f3sitos<\/span><\/li>\r\n<li><span class=\"fontstyle0\">Superficie total de 592m\u00b2<\/span><\/li>\r\n<li><span class=\"fontstyle0\">Superficie total construida de 1812m\u00b2<\/span><\/li>\r\n<\/ul>\r\n<h3><span class=\"fontstyle0\">Canales de venta<\/span><\/h3>\r\n<ul>\r\n<li><span class=\"fontstyle0\">Booking<\/span><\/li>\r\n<li><span class=\"fontstyle0\">Sitio web propio<\/span><\/li>\r\n<li><span class=\"fontstyle0\">Hoteles.com<\/span><\/li>\r\n<li><span class=\"fontstyle0\">Trivago<\/span><\/li>\r\n<li><span class=\"fontstyle0\">Expedia<\/span><\/li>\r\n<li><span class=\"fontstyle0\">Redes Sociales<\/span><\/li>\r\n<\/ul>\r\n<h3><span class=\"fontstyle0\">Un lugar establecido con una s\u00f3lida reputaci\u00f3n<\/span><\/h3>\r\n<p><span class=\"fontstyle0\">El hotel est\u00e1 muy bien referenciado en Internet (presencia en Facebook, Instagram y su propia p\u00e1gina web), gracias a su calidad de servicio y atractiva imagen para los clientes potenciales.<\/span><\/p>\r\n<p><span class=\"fontstyle0\">Cuenta con casi 1.000 opiniones de clientes en Booking.com y 500 en Google, lo que le ha valido una valoraci\u00f3n media de 4,1 sobre 5 estrellas.<\/span><\/p>\r\n<p><span class=\"fontstyle0\">Con enorme potencial en este rubro o en otros.<\/span><\/p>\r\n<p><span class=\"fontstyle0\">El Hotel ha logrado imponer su marca de calidad en el segmento hotelero, con gran potencial de crecimiento en este rubro. Pero no solo eso es una muy buena inversi\u00f3n.<\/span><\/p>\r\n<p>&nbsp;<\/p>\r\n","protected":false},"excerpt":{"rendered":"<p>Construido hace ya m\u00e1s de 3 d\u00e9cadas, el hotel consta de 4 pisos en una superficie construida de 1812m\u00b2. Situado a 3 minutos a pie del puerto de Punta del Este, tambi\u00e9n est\u00e1 a escasos metros de la emblem\u00e1tica Avenida Juan Gorlero y a 10 minutos a pie de la terminal de autobuses.<\/p>\n","protected":false},"featured_media":145,"template":"","meta":{"om_disable_all_campaigns":false,"pagelayer_contact_templates":[],"_pagelayer_content":"","_monsterinsights_skip_tracking":false,"_monsterinsights_sitenote_active":false,"_monsterinsights_sitenote_note":"","_monsterinsights_sitenote_category":0,"jetpack_publicize_message":"","jetpack_publicize_feature_enabled":true,"jetpack_social_post_already_shared":false,"jetpack_social_options":{"image_generator_settings":{"template":"highway","default_image_id":0,"font":"","enabled":false},"version":2}},"product_brand":[],"product_cat":[21],"product_tag":[34,35,28,30,27,29,31],"class_list":{"0":"post-284","1":"product","2":"type-product","3":"status-publish","4":"has-post-thumbnail","6":"product_cat-negocios-hoteles","7":"product_tag-4-plantas","8":"product_tag-60-habitaciones","9":"product_tag-alojamientos","10":"product_tag-desarrollo-turistico","11":"product_tag-hoteles","12":"product_tag-punta-del-este","13":"product_tag-turismo","15":"first","16":"instock","17":"shipping-taxable","18":"purchasable","19":"product-type-simple"},"aioseo_notices":[],"jetpack_publicize_connections":[],"jetpack_sharing_enabled":true,"_links":{"self":[{"href":"https:\/\/morenoysunyer.com\/esp\/wp-json\/wp\/v2\/product\/284","targetHints":{"allow":["GET"]}}],"collection":[{"href":"https:\/\/morenoysunyer.com\/esp\/wp-json\/wp\/v2\/product"}],"about":[{"href":"https:\/\/morenoysunyer.com\/esp\/wp-json\/wp\/v2\/types\/product"}],"wp:featuredmedia":[{"embeddable":true,"href":"https:\/\/morenoysunyer.com\/esp\/wp-json\/wp\/v2\/media\/145"}],"wp:attachment":[{"href":"https:\/\/morenoysunyer.com\/esp\/wp-json\/wp\/v2\/media?parent=284"}],"wp:term":[{"taxonomy":"product_brand","embeddable":true,"href":"https:\/\/morenoysunyer.com\/esp\/wp-json\/wp\/v2\/product_brand?post=284"},{"taxonomy":"product_cat","embeddable":true,"href":"https:\/\/morenoysunyer.com\/esp\/wp-json\/wp\/v2\/product_cat?post=284"},{"taxonomy":"product_tag","embeddable":true,"href":"https:\/\/morenoysunyer.com\/esp\/wp-json\/wp\/v2\/product_tag?post=284"}],"curies":[{"name":"wp","href":"https:\/\/api.w.org\/{rel}","templated":true}]}}