{"id":197,"date":"2022-11-08T16:09:32","date_gmt":"2022-11-08T19:09:32","guid":{"rendered":"https:\/\/morenoysunyer.com\/esp\/?post_type=product&#038;p=197"},"modified":"2023-05-30T12:14:22","modified_gmt":"2023-05-30T15:14:22","slug":"hotel-punta-del-este-1","status":"publish","type":"product","link":"https:\/\/morenoysunyer.com\/esp\/producto\/hotel-punta-del-este-1\/","title":{"rendered":"Hotel 40 hab. Punta del Este"},"content":{"rendered":"<!-- \/wp:post-content --><!-- \/wp:pagelayer\/pl_col --><!-- \/wp:pagelayer\/pl_row -->\r\n\r\n<!-- wp:pagelayer\/pl_row {\"stretch\":\"auto\",\"col_gap\":10,\"width_content\":\"auto\",\"row_height\":\"default\",\"overlay_hover_delay\":400,\"row_shape_top_color\":\"#227bc3\",\"row_shape_top_width\":100,\"row_shape_top_height\":100,\"row_shape_bottom_color\":\"#e44993\",\"row_shape_bottom_width\":100,\"row_shape_bottom_height\":100,\"pagelayer-id\":\"suk8310\"} -->\r\n\r\n<!-- wp:pagelayer\/pl_col {\"widget_space\":15,\"overlay_hover_delay\":400,\"pagelayer-id\":\"cot4596\"} -->\r\n\r\n<!-- wp:pagelayer\/pl_text {\"text\":\"Un hotel acogedor y completo\\u003cbr\\u003e\",\"font_size\":21,\"pagelayer-id\":\"ynt9504\"} -->\r\n<h3><span style=\"color: #333399;\">Un hotel acogedor y completo<\/span><\/h3>\r\n<ul>\r\n<li>3 pisos, 4 plantas (distribuci\u00f3n actual) *<\/li>\r\n<li>Amplia recepci\u00f3n<\/li>\r\n<li><strong>39 habitaciones<\/strong> con televisores por cable, mini bares y suelos de parqu\u00e9 o moquete<\/li>\r\n<li>1 habitaci\u00f3n de servicio<\/li>\r\n<li><strong>Sala de conferencia para 120 personas<\/strong><\/li>\r\n<li>Living<\/li>\r\n<li>Cafeter\u00eda<\/li>\r\n<li>Cocina<\/li>\r\n<li>Lavadero<\/li>\r\n<li>Superficie total de 592m\u00b2<\/li>\r\n<li>Superficie construida de 1692m\u00b2<\/li>\r\n<\/ul>\r\n<blockquote>\r\n<p><strong>* Cuenta con permisos para a\u00f1adir un 4\u00ba piso o una potencial terraza panor\u00e1mica, con vista hacia ambas caras de la pen\u00ednsula.<\/strong><\/p>\r\n<\/blockquote>\r\n<!-- \/wp:pagelayer\/pl_text --><!-- \/wp:pagelayer\/pl_col --><!-- \/wp:pagelayer\/pl_row -->\r\n\r\n<!-- wp:pagelayer\/pl_row {\"stretch\":\"auto\",\"col_gap\":10,\"width_content\":\"auto\",\"row_height\":\"default\",\"overlay_hover_delay\":400,\"row_shape_top_color\":\"#227bc3\",\"row_shape_top_width\":100,\"row_shape_top_height\":100,\"row_shape_bottom_color\":\"#e44993\",\"row_shape_bottom_width\":100,\"row_shape_bottom_height\":100,\"pagelayer-id\":\"oba1854\"} -->\r\n\r\n<!-- wp:pagelayer\/pl_col {\"widget_space\":15,\"overlay_hover_delay\":400,\"pagelayer-id\":\"cwr9558\"} -->\r\n\r\n<!-- wp:pagelayer\/pl_text {\"text\":\"Adem\u00e1s de estar muy bien situado, el Hotel Iberia est\u00e1 equipado con todo lo necesario para ofrecer una experiencia inolvidable a sus hu\u00e9spedes.\",\"font_size\":21,\"pagelayer-id\":\"dbk1547\"} -->\r\n<h3><!-- \/wp:pagelayer\/pl_text --><!-- \/wp:pagelayer\/pl_col --><!-- \/wp:pagelayer\/pl_row -->\r\n\r\n<!-- wp:pagelayer\/pl_row {\"stretch\":\"auto\",\"col_gap\":10,\"width_content\":\"auto\",\"row_height\":\"default\",\"overlay_hover_delay\":400,\"row_shape_top_color\":\"#227bc3\",\"row_shape_top_width\":100,\"row_shape_top_height\":100,\"row_shape_bottom_color\":\"#e44993\",\"row_shape_bottom_width\":100,\"row_shape_bottom_height\":100,\"pagelayer-id\":\"8mh9593\"} -->\r\n\r\n<!-- wp:pagelayer\/pl_col {\"widget_space\":15,\"overlay_hover_delay\":400,\"pagelayer-id\":\"kkp492\"} -->\r\n\r\n<!-- wp:pagelayer\/pl_text {\"text\":\"Canales de Comercializaci\u00f3n\",\"font_size\":21,\"pagelayer-id\":\"i3s9262\"} --><\/h3>\r\n<h3><span style=\"color: #333399;\">Canales de Comercializaci\u00f3n<\/span><\/h3>\r\n<!-- \/wp:pagelayer\/pl_text --><!-- \/wp:pagelayer\/pl_col --><!-- \/wp:pagelayer\/pl_row -->\r\n\r\n<!-- wp:pagelayer\/pl_row {\"stretch\":\"auto\",\"col_gap\":10,\"width_content\":\"auto\",\"row_height\":\"default\",\"overlay_hover_delay\":400,\"row_shape_top_color\":\"#227bc3\",\"row_shape_top_width\":100,\"row_shape_top_height\":100,\"row_shape_bottom_color\":\"#e44993\",\"row_shape_bottom_width\":100,\"row_shape_bottom_height\":100,\"pagelayer-id\":\"4vh2945\"} -->\r\n\r\n<!-- wp:pagelayer\/pl_col {\"widget_space\":15,\"overlay_hover_delay\":400,\"pagelayer-id\":\"kbo9566\"} -->\r\n\r\n<!-- wp:pagelayer\/pl_text {\"text\":\"\u2022\\tSitio web propio\",\"font_size\":21,\"pagelayer-id\":\"gpj8288\"} -->\r\n<ul>\r\n<li style=\"list-style-type: none;\">\r\n<ul>\r\n<li>Sitio web propio (<a title=\"Hotel Iberia Punta del Este\" href=\"https:\/\/iberiahotel.wixsite.com\/iberiahotel\" target=\"_blank\" rel=\"noopener\">AQU\u00cd<\/a>)<\/li>\r\n<li>Booking.com<\/li>\r\n<li>Expedia<\/li>\r\n<li>Redes Sociales<\/li>\r\n<li>Tripadvisor<\/li>\r\n<li>Trivago<\/li>\r\n<li>\u00a0Kayak<\/li>\r\n<li>Hoteles.com<\/li>\r\n<\/ul>\r\n<\/li>\r\n<\/ul>\r\n<p><!-- \/wp:pagelayer\/pl_text -->\r\n\r\n<!-- wp:pagelayer\/pl_text {\"text\":\"\u2022\\tBooking.com \\u003cbr\\u003e\",\"font_size\":21,\"pagelayer-id\":\"2qh2706\"} --><\/p>\r\n<p><!-- \/wp:pagelayer\/pl_text -->\r\n\r\n<!-- wp:pagelayer\/pl_text {\"text\":\"\u2022\\tExpedia \\u003cbr\\u003e\",\"font_size\":21,\"pagelayer-id\":\"uhe8219\"} --><\/p>\r\n<p><!-- \/wp:pagelayer\/pl_text -->\r\n\r\n<!-- wp:pagelayer\/pl_text {\"text\":\"\u2022\\tRedes Sociales \\u003cbr\\u003e\",\"font_size\":21,\"pagelayer-id\":\"hoq4324\"} --><\/p>\r\n<p><!-- \/wp:pagelayer\/pl_text -->\r\n\r\n<!-- wp:pagelayer\/pl_text {\"text\":\"\u2022\\tTripadvisor \\u003cbr\\u003e\",\"font_size\":21,\"pagelayer-id\":\"cpe450\"} --><\/p>\r\n<p><!-- \/wp:pagelayer\/pl_text -->\r\n\r\n<!-- wp:pagelayer\/pl_text {\"text\":\"\u2022\\tTrivago \\u003cbr\\u003e\",\"font_size\":21,\"pagelayer-id\":\"l7x5588\"} --><\/p>\r\n<p><!-- \/wp:pagelayer\/pl_text -->\r\n\r\n<!-- wp:pagelayer\/pl_text {\"text\":\"\u2022\\tKayak \\u003cbr\\u003e\",\"font_size\":21,\"pagelayer-id\":\"dlo7632\"} --><\/p>\r\n<h3><span style=\"color: #333399;\" data-pts=\"\">Un lugar establecido con una s\u00f3lida reputaci\u00f3n<\/span><\/h3>\r\n<p>El Hotel Iberia goza de una s\u00f3lida reputaci\u00f3n y una posici\u00f3n consolidada en el mercado hotelero de Punta del Este.<\/p>\r\n<p>Con muy buen posicionamiento en Internet (presencia en Facebook, Instagram) y su propio sitio web, presenta una imagen atractiva para los clientes potenciales, con casi 350 rese\u00f1as de clientes en Booking.com y 200 en Google, para una valoraci\u00f3n media de 8,1\/10<\/p>\r\n<h3><span style=\"color: #000080;\" data-pts=\"\">Con enorme potencial en \u00e9ste u otros rubros<\/span><\/h3>\r\n<p>El Hotel Iberia ha logrado imponer su marca de calidad en el segmento hotelero, con gran potencial de crecimiento en este rubro. Pero no solo eso es una muy buena inversi\u00f3n.<\/p>\r\n<p>La calidad de sus instalaciones, la excelente ubicaci\u00f3n, y el crecimiento en calidad y cantidad de poblaci\u00f3n y servicios que ha experimentado la zona de Punta del Este, abre la puerta a la reconversi\u00f3n de esta magn\u00edfica propiedad, en otros segmentos tan o m\u00e1s lucrativos que el actual, seg\u00fan se desprende de los an\u00e1lisis de factibilidad existentes.<\/p>\r\n<!-- \/wp:pagelayer\/pl_text --><!-- \/wp:pagelayer\/pl_col --><!-- \/wp:pagelayer\/pl_row -->\r\n\r\n<!-- wp:pagelayer\/pl_row {\"stretch\":\"auto\",\"col_gap\":10,\"width_content\":\"auto\",\"row_height\":\"default\",\"overlay_hover_delay\":400,\"row_shape_top_color\":\"#227bc3\",\"row_shape_top_width\":100,\"row_shape_top_height\":100,\"row_shape_bottom_color\":\"#e44993\",\"row_shape_bottom_width\":100,\"row_shape_bottom_height\":100,\"pagelayer-id\":\"hqu9173\"} -->\r\n\r\n<!-- wp:pagelayer\/pl_col {\"widget_space\":15,\"overlay_hover_delay\":400,\"pagelayer-id\":\"lxf9012\"} -->\r\n\r\n<!-- wp:pagelayer\/pl_text {\"text\":\"Tras iniciar su actividad hace varios a\u00f1os, el Hotel Iberia goza de una s\u00f3lida reputaci\u00f3n y una posici\u00f3n consolidada en el mercado hotelero de Punta del Este. \\u003cbr\\u003e\",\"font_size\":21,\"pagelayer-id\":\"i1z8953\"} --><!-- \/wp:pagelayer\/pl_text --><!-- \/wp:pagelayer\/pl_col --><!-- \/wp:pagelayer\/pl_row -->\r\n<p>&nbsp;<\/p>\r\n<p>&nbsp;<\/p>","protected":false},"excerpt":{"rendered":"<p>Construido en 1970, este cl\u00e1sico hotel se desarrolla en un predio de 592m\u00b2 de superficie, y las \u00e1reas edificadas se despliegan en 3 pisos con una superficie total construida de 1692m\u00b2.<\/p>\n<p>\u200bSituado a 30 segundos a pie de la Plaza de los Artesanos, tambi\u00e9n est\u00e1 a menos de 100 metros de la emblem\u00e1tica Avenida Juan Gorlero y a 10 minutos a pie de la terminal de autobuses y a escasos 200 mts. del World Trade Center (en construcci\u00f3n).<\/p>\n","protected":false},"featured_media":1020,"template":"","meta":{"om_disable_all_campaigns":false,"pagelayer_contact_templates":[],"_pagelayer_content":"","_monsterinsights_skip_tracking":false,"_monsterinsights_sitenote_active":false,"_monsterinsights_sitenote_note":"","_monsterinsights_sitenote_category":0,"jetpack_publicize_message":"","jetpack_publicize_feature_enabled":true,"jetpack_social_post_already_shared":false,"jetpack_social_options":{"image_generator_settings":{"template":"highway","default_image_id":0,"font":"","enabled":false},"version":2}},"product_brand":[],"product_cat":[21],"product_tag":[33,32,28,30,27,29,31],"class_list":{"0":"post-197","1":"product","2":"type-product","3":"status-publish","4":"has-post-thumbnail","6":"product_cat-negocios-hoteles","7":"product_tag-3-pisos","8":"product_tag-40-habitaciones","9":"product_tag-alojamientos","10":"product_tag-desarrollo-turistico","11":"product_tag-hoteles","12":"product_tag-punta-del-este","13":"product_tag-turismo","15":"first","16":"instock","17":"shipping-taxable","18":"purchasable","19":"product-type-simple"},"aioseo_notices":[],"jetpack_publicize_connections":[],"jetpack_sharing_enabled":true,"_links":{"self":[{"href":"https:\/\/morenoysunyer.com\/esp\/wp-json\/wp\/v2\/product\/197","targetHints":{"allow":["GET"]}}],"collection":[{"href":"https:\/\/morenoysunyer.com\/esp\/wp-json\/wp\/v2\/product"}],"about":[{"href":"https:\/\/morenoysunyer.com\/esp\/wp-json\/wp\/v2\/types\/product"}],"wp:featuredmedia":[{"embeddable":true,"href":"https:\/\/morenoysunyer.com\/esp\/wp-json\/wp\/v2\/media\/1020"}],"wp:attachment":[{"href":"https:\/\/morenoysunyer.com\/esp\/wp-json\/wp\/v2\/media?parent=197"}],"wp:term":[{"taxonomy":"product_brand","embeddable":true,"href":"https:\/\/morenoysunyer.com\/esp\/wp-json\/wp\/v2\/product_brand?post=197"},{"taxonomy":"product_cat","embeddable":true,"href":"https:\/\/morenoysunyer.com\/esp\/wp-json\/wp\/v2\/product_cat?post=197"},{"taxonomy":"product_tag","embeddable":true,"href":"https:\/\/morenoysunyer.com\/esp\/wp-json\/wp\/v2\/product_tag?post=197"}],"curies":[{"name":"wp","href":"https:\/\/api.w.org\/{rel}","templated":true}]}}