{"id":1308,"date":"2023-10-20T10:31:28","date_gmt":"2023-10-20T13:31:28","guid":{"rendered":"https:\/\/morenoysunyer.com\/esp\/?post_type=product&#038;p=1308"},"modified":"2024-02-12T13:35:12","modified_gmt":"2024-02-12T16:35:12","slug":"1308","status":"publish","type":"product","link":"https:\/\/morenoysunyer.com\/esp\/producto\/1308\/","title":{"rendered":"Hermoso, 180 m2"},"content":{"rendered":"<p>Apartamento en pleno Centro de Montevideo, cerca de todo!!<\/p>\n<p>A pasitos de 18 de julio y a 10 minutos a pie de plaza Independencia.<\/p>\n<p>Con excelente oferta educativa\u00a0 con facil\u00edcimo acceso a pie:<\/p>\n<ul>\n<li>Colegio Seminario<\/li>\n<li>Elbio Fernandez<\/li>\n<li>Colegio y Liceo Nuestra Se\u00f1ora del Huerto<\/li>\n<li>Colegio Inmaculada Concepci\u00f3n \u00abLos Vascos\u00bb<\/li>\n<li>Colegio Nacional Jos\u00e9 Pedro Varela<\/li>\n<li>The Anglo School Centro<\/li>\n<li>Universidad ORT<\/li>\n<\/ul>\n<p>Clubes deportivos<\/p>\n<ul>\n<li>ACJ<\/li>\n<li>Juventus<\/li>\n<li>AEBU<\/li>\n<\/ul>\n<p>Amplia oferta de comercios, restaurantes, espacios culturales, cines y esparcimiento general.<\/p>\n<p>Cercan\u00eda con instituciones financieras, Bancos, organismos P\u00fablicos, etc.<\/p>\n<p>&nbsp;<\/p>\n","protected":false},"excerpt":{"rendered":"<p>Espectacular apartamento, pleno centro de Montevideo.<\/p>\n<p>4 dormitorios, 2 ba\u00f1os, living, estar, comedor diario, cocina, lavadero, habitaci\u00f3n de servicio con ba\u00f1o privado, terraza, losa radiante.<\/p>\n<p>CON GARAGE!!<br \/>\n1 unidad por piso, 180 m2 totalmente disfrutables.<\/p>\n<p>&nbsp;<\/p>\n","protected":false},"featured_media":1309,"template":"","meta":{"om_disable_all_campaigns":false,"pagelayer_contact_templates":[],"_pagelayer_content":"","_monsterinsights_skip_tracking":false,"_monsterinsights_sitenote_active":false,"_monsterinsights_sitenote_note":"","_monsterinsights_sitenote_category":0,"jetpack_publicize_message":"","jetpack_publicize_feature_enabled":true,"jetpack_social_post_already_shared":true,"jetpack_social_options":{"image_generator_settings":{"template":"highway","default_image_id":0,"font":"","enabled":false},"version":2}},"product_brand":[],"product_cat":[22],"product_tag":[],"class_list":{"0":"post-1308","1":"product","2":"type-product","3":"status-publish","4":"has-post-thumbnail","6":"product_cat-apartamentos","8":"first","9":"instock","10":"sale","11":"shipping-taxable","12":"purchasable","13":"product-type-simple"},"aioseo_notices":[],"jetpack_publicize_connections":[],"jetpack_sharing_enabled":true,"_links":{"self":[{"href":"https:\/\/morenoysunyer.com\/esp\/wp-json\/wp\/v2\/product\/1308","targetHints":{"allow":["GET"]}}],"collection":[{"href":"https:\/\/morenoysunyer.com\/esp\/wp-json\/wp\/v2\/product"}],"about":[{"href":"https:\/\/morenoysunyer.com\/esp\/wp-json\/wp\/v2\/types\/product"}],"wp:featuredmedia":[{"embeddable":true,"href":"https:\/\/morenoysunyer.com\/esp\/wp-json\/wp\/v2\/media\/1309"}],"wp:attachment":[{"href":"https:\/\/morenoysunyer.com\/esp\/wp-json\/wp\/v2\/media?parent=1308"}],"wp:term":[{"taxonomy":"product_brand","embeddable":true,"href":"https:\/\/morenoysunyer.com\/esp\/wp-json\/wp\/v2\/product_brand?post=1308"},{"taxonomy":"product_cat","embeddable":true,"href":"https:\/\/morenoysunyer.com\/esp\/wp-json\/wp\/v2\/product_cat?post=1308"},{"taxonomy":"product_tag","embeddable":true,"href":"https:\/\/morenoysunyer.com\/esp\/wp-json\/wp\/v2\/product_tag?post=1308"}],"curies":[{"name":"wp","href":"https:\/\/api.w.org\/{rel}","templated":true}]}}