{"id":1275,"date":"2023-10-20T13:00:03","date_gmt":"2023-10-20T16:00:03","guid":{"rendered":"https:\/\/morenoysunyer.com\/esp\/?post_type=product&#038;p=1275"},"modified":"2023-11-09T07:57:55","modified_gmt":"2023-11-09T10:57:55","slug":"chacra-3-hectareas","status":"publish","type":"product","link":"https:\/\/morenoysunyer.com\/esp\/producto\/chacra-3-hectareas\/","title":{"rendered":"Chacra 3 hect\u00e1reas"},"content":{"rendered":"\r\n\r\n\r\n\r\n\r\n\r\n\r\n<p>Alto \u00edndice de productividad de 216. Grupo de Suelo 10.6a: Praderas Pardas m\u00e1ximas, de color pardo a pardo oscuro, textura franco limosa, fertilidad alta y moderadamente bien drenados. Suelos aptos para vi\u00f1edos, explotaci\u00f3n frut\u00edcola, hort\u00edcola y ganadero. Calle con iluminaci\u00f3n, conexi\u00f3n de UTE y OSE Con un frente de 234,45 m. A metros Camino de la Redenci\u00f3n que \u00e9sta se encuentra asfaltada y con parada de bus, a 20\u00b4 del centro de Montevideo. Acepta permuta por propiedad cerca de Malvin Sur o Buceo, sin escaleras, con patio o jard\u00edn, o propiedad con renta. Financiaci\u00f3n propia, se puede entregar USD 90.000 y el resto en cuotas a dos a\u00f1os.<\/p>\r\n\r\n\r\n\r\n<p>Superficie total: 30000 m\u00b2<br \/>Superficie cubierta: 95 m\u00b2<br \/>Superficie semicubierta: 5 m\u00b2<br \/>Superficie terreno: 30000 m\u00b2<br \/>Ambientes: 3<br \/>Ba\u00f1os: 1<br \/>Dormitorios: 2<br \/>Antig\u00fcedad: 65 a\u00f1os<br \/>Apto credito: S\u00ed<br \/>Apto profesional: S\u00ed<\/p>\r\n<ul>\r\n<li>\u00a0<\/li>\r\n<\/ul>\r\n<p>Honorarios los de uso y costumbre en el sector inmobiliario: 3% + IVA Publicaci\u00f3n de car\u00e1cter descriptivo b\u00e1sico y general de las caracter\u00edsticas del inmueble. Cualquier inexactitud, ser\u00e1 debidamente aclarada una vez realizada la consulta, no generando ning\u00fan tipo de responsabilidad para el gestor de la operaci\u00f3n. El valor de los inmuebles es provisto por su propietario, seg\u00fan su parecer y entender.<\/p>\r\n\r\n<p>&nbsp;<\/p>","protected":false},"excerpt":{"rendered":"<p>Hermosa chacra de 3 hect\u00e1reas, con vivienda. VENTA o PERMUTA F\u00e1cil acceso a ruta y servicios, a pocos minutos del centro de Montevideo. Gran punto log\u00edstico productivo ! Cons\u00faltenos<\/p>\n","protected":false},"featured_media":1332,"template":"","meta":{"om_disable_all_campaigns":false,"pagelayer_contact_templates":[],"_pagelayer_content":"","_monsterinsights_skip_tracking":false,"_monsterinsights_sitenote_active":false,"_monsterinsights_sitenote_note":"","_monsterinsights_sitenote_category":0,"jetpack_publicize_message":"","jetpack_publicize_feature_enabled":true,"jetpack_social_post_already_shared":true,"jetpack_social_options":{"image_generator_settings":{"template":"highway","default_image_id":0,"font":"","enabled":false},"version":2}},"product_brand":[],"product_cat":[25],"product_tag":[],"class_list":{"0":"post-1275","1":"product","2":"type-product","3":"status-publish","4":"has-post-thumbnail","6":"product_cat-campos-y-estancias","8":"first","9":"instock","10":"sale","11":"shipping-taxable","12":"purchasable","13":"product-type-simple"},"aioseo_notices":[],"jetpack_publicize_connections":[],"jetpack_sharing_enabled":true,"_links":{"self":[{"href":"https:\/\/morenoysunyer.com\/esp\/wp-json\/wp\/v2\/product\/1275","targetHints":{"allow":["GET"]}}],"collection":[{"href":"https:\/\/morenoysunyer.com\/esp\/wp-json\/wp\/v2\/product"}],"about":[{"href":"https:\/\/morenoysunyer.com\/esp\/wp-json\/wp\/v2\/types\/product"}],"wp:featuredmedia":[{"embeddable":true,"href":"https:\/\/morenoysunyer.com\/esp\/wp-json\/wp\/v2\/media\/1332"}],"wp:attachment":[{"href":"https:\/\/morenoysunyer.com\/esp\/wp-json\/wp\/v2\/media?parent=1275"}],"wp:term":[{"taxonomy":"product_brand","embeddable":true,"href":"https:\/\/morenoysunyer.com\/esp\/wp-json\/wp\/v2\/product_brand?post=1275"},{"taxonomy":"product_cat","embeddable":true,"href":"https:\/\/morenoysunyer.com\/esp\/wp-json\/wp\/v2\/product_cat?post=1275"},{"taxonomy":"product_tag","embeddable":true,"href":"https:\/\/morenoysunyer.com\/esp\/wp-json\/wp\/v2\/product_tag?post=1275"}],"curies":[{"name":"wp","href":"https:\/\/api.w.org\/{rel}","templated":true}]}}