{"id":1092,"date":"2023-06-19T12:29:39","date_gmt":"2023-06-19T15:29:39","guid":{"rendered":"https:\/\/morenoysunyer.com\/esp\/?post_type=product&#038;p=1092"},"modified":"2023-06-19T12:32:02","modified_gmt":"2023-06-19T15:32:02","slug":"sonado-apartamento-en-punta","status":"publish","type":"product","link":"https:\/\/morenoysunyer.com\/esp\/producto\/sonado-apartamento-en-punta\/","title":{"rendered":"So\u00f1ado Apartamento en Punta"},"content":{"rendered":"<p>DE PEL\u00cdCULA!!! Full Amenities<\/p>\n<p>Excelente Duplex con 273 m2 propios!!<\/p>\n<p>Living y Comedor culminado en amplio balc\u00f3n con parrillero propio, coronado con la incre\u00edble vista directo a la Laguna.<br \/>\nCocina de grandes dimensiones integrada a comedor diario con lavadero incorporado y salida directa al gran balc\u00f3n!<br \/>\n2 Dormitorios ( 1 de ellos en suite con grandes placares, balc\u00f3n propio con vista a laguna.<\/p>\n<p>3er dormitorio con ba\u00f1o y vista hacia la laguna y el mar.Cochera fija y baulera!!<\/p>\n<p>Instalaciones del complejo:<\/p>\n<p>2 hermosas piscinas\u00a0 con vista al mar , una climatizada cubierta y otra descubierta, con servicio de bar, \u00e1rea de Spa con sauna , ba\u00f1o turco, hidromasajes y ducha escocesa sala de masajes y sala de relax!<\/p>\n<p>Gran gimnasio, microcine, bussiness center, club house, kids club, lagunas interiores, quinchos para reuniones con capacidad para 40 personas, con parrilleros<\/p>\n<p>Canchas de tenis , futbol 7 y multiprop\u00f3sito.<\/p>\n<p>Enrejado perimetral con seguridad 24 hs!!<\/p>\n<p>273 m\u00b2 sup.Total<\/p>\n<p>165 m\u00b2 sup. Edificada<\/p>\n<p>4 Ambientes<\/p>\n<p>3 Ba\u00f1os<\/p>\n<p>3 Dormitorios<\/p>\n<p>1 Cochera cubierta<\/p>\n<p>10 a\u00f1os de Antig\u00fcedad<\/p>\n<p>&nbsp;<\/p>\n","protected":false},"excerpt":{"rendered":"<p>DE PEL\u00cdCULA!!! Full Amenities Excelente Duplex con 273 m2 propios!! Living y Comedor culminado en amplio balc\u00f3n con parrillero propio, coronado con la incre\u00edble vista directo a la Laguna. Cocina de grandes dimensiones integrada a comedor diario con lavadero incorporado y salida directa al gran balc\u00f3n! 2 Dormitorios ( 1 de ellos en suite con [&hellip;]<\/p>\n","protected":false},"featured_media":1093,"template":"","meta":{"om_disable_all_campaigns":false,"pagelayer_contact_templates":[],"_pagelayer_content":"","_monsterinsights_skip_tracking":false,"_monsterinsights_sitenote_active":false,"_monsterinsights_sitenote_note":"","_monsterinsights_sitenote_category":0,"jetpack_publicize_message":"","jetpack_publicize_feature_enabled":true,"jetpack_social_post_already_shared":true,"jetpack_social_options":{"image_generator_settings":{"template":"highway","default_image_id":0,"font":"","enabled":false},"version":2}},"product_brand":[],"product_cat":[22],"product_tag":[],"class_list":{"0":"post-1092","1":"product","2":"type-product","3":"status-publish","4":"has-post-thumbnail","6":"product_cat-apartamentos","8":"first","9":"instock","10":"sale","11":"shipping-taxable","12":"purchasable","13":"product-type-simple"},"aioseo_notices":[],"jetpack_publicize_connections":[],"jetpack_sharing_enabled":true,"_links":{"self":[{"href":"https:\/\/morenoysunyer.com\/esp\/wp-json\/wp\/v2\/product\/1092","targetHints":{"allow":["GET"]}}],"collection":[{"href":"https:\/\/morenoysunyer.com\/esp\/wp-json\/wp\/v2\/product"}],"about":[{"href":"https:\/\/morenoysunyer.com\/esp\/wp-json\/wp\/v2\/types\/product"}],"wp:featuredmedia":[{"embeddable":true,"href":"https:\/\/morenoysunyer.com\/esp\/wp-json\/wp\/v2\/media\/1093"}],"wp:attachment":[{"href":"https:\/\/morenoysunyer.com\/esp\/wp-json\/wp\/v2\/media?parent=1092"}],"wp:term":[{"taxonomy":"product_brand","embeddable":true,"href":"https:\/\/morenoysunyer.com\/esp\/wp-json\/wp\/v2\/product_brand?post=1092"},{"taxonomy":"product_cat","embeddable":true,"href":"https:\/\/morenoysunyer.com\/esp\/wp-json\/wp\/v2\/product_cat?post=1092"},{"taxonomy":"product_tag","embeddable":true,"href":"https:\/\/morenoysunyer.com\/esp\/wp-json\/wp\/v2\/product_tag?post=1092"}],"curies":[{"name":"wp","href":"https:\/\/api.w.org\/{rel}","templated":true}]}}