{"id":1089,"date":"2023-06-19T11:21:41","date_gmt":"2023-06-19T14:21:41","guid":{"rendered":"https:\/\/morenoysunyer.com\/esp\/?post_type=product&#038;p=1089"},"modified":"2023-06-19T12:50:39","modified_gmt":"2023-06-19T15:50:39","slug":"penthouse-en-manantiales","status":"publish","type":"product","link":"https:\/\/morenoysunyer.com\/esp\/producto\/penthouse-en-manantiales\/","title":{"rendered":"Penthouse en Manantiales"},"content":{"rendered":"<p>Fant\u00e1stico apartamento en dos plantas con fabulosa vista, totalmente equipado y decorado por dise\u00f1adores.<\/p>\n<p>A 150 mts. de espectacular playa.<\/p>\n<ul>\n<li>137 m\u00b2 Total edificados.<\/li>\n<li>5 Ambientes<\/li>\n<li>3 Ba\u00f1os<\/li>\n<li>Tiene 4 dormitorios (dos de ellos en suite).<\/li>\n<li>Dependencias<\/li>\n<li>Terraza-lavadero<\/li>\n<li>Cochera con baulera.<\/li>\n<li>4 a\u00f1os de constru\u00eddo.<\/li>\n<\/ul>\n<p>&nbsp;<\/p>\n<p>&nbsp;<\/p>\n<p>Departamento increible en dos plantas con la mejor vista en venta en Manantiales, Uruguay. A una cuadra y media de la playa de Bikini. Tiene 4 dormitorios (dos de ellos en suite), dependencias, lavadero,terraza, cochera y baulera. 4 anos de antiguedad. Totalmente equipado y decorado por profesionales y con servicio de mucama.<\/p>\n","protected":false},"excerpt":{"rendered":"<p>Fant\u00e1stico apartamento en dos plantas con fabulosa vista, totalmente equipado y decorado por dise\u00f1adores. A 150 mts. de espectacular playa. 137 m\u00b2 Total edificados. 5 Ambientes 3 Ba\u00f1os Tiene 4 dormitorios (dos de ellos en suite). Dependencias Terraza-lavadero Cochera con baulera. 4 a\u00f1os de constru\u00eddo. &nbsp; &nbsp; Departamento increible en dos plantas con la mejor [&hellip;]<\/p>\n","protected":false},"featured_media":1091,"template":"","meta":{"om_disable_all_campaigns":false,"pagelayer_contact_templates":[],"_pagelayer_content":"","_monsterinsights_skip_tracking":false,"_monsterinsights_sitenote_active":false,"_monsterinsights_sitenote_note":"","_monsterinsights_sitenote_category":0,"jetpack_publicize_message":"","jetpack_publicize_feature_enabled":true,"jetpack_social_post_already_shared":true,"jetpack_social_options":{"image_generator_settings":{"template":"highway","default_image_id":0,"font":"","enabled":false},"version":2}},"product_brand":[],"product_cat":[22],"product_tag":[],"class_list":{"0":"post-1089","1":"product","2":"type-product","3":"status-publish","4":"has-post-thumbnail","6":"product_cat-apartamentos","8":"first","9":"instock","10":"shipping-taxable","11":"purchasable","12":"product-type-simple"},"aioseo_notices":[],"jetpack_publicize_connections":[],"jetpack_sharing_enabled":true,"_links":{"self":[{"href":"https:\/\/morenoysunyer.com\/esp\/wp-json\/wp\/v2\/product\/1089","targetHints":{"allow":["GET"]}}],"collection":[{"href":"https:\/\/morenoysunyer.com\/esp\/wp-json\/wp\/v2\/product"}],"about":[{"href":"https:\/\/morenoysunyer.com\/esp\/wp-json\/wp\/v2\/types\/product"}],"wp:featuredmedia":[{"embeddable":true,"href":"https:\/\/morenoysunyer.com\/esp\/wp-json\/wp\/v2\/media\/1091"}],"wp:attachment":[{"href":"https:\/\/morenoysunyer.com\/esp\/wp-json\/wp\/v2\/media?parent=1089"}],"wp:term":[{"taxonomy":"product_brand","embeddable":true,"href":"https:\/\/morenoysunyer.com\/esp\/wp-json\/wp\/v2\/product_brand?post=1089"},{"taxonomy":"product_cat","embeddable":true,"href":"https:\/\/morenoysunyer.com\/esp\/wp-json\/wp\/v2\/product_cat?post=1089"},{"taxonomy":"product_tag","embeddable":true,"href":"https:\/\/morenoysunyer.com\/esp\/wp-json\/wp\/v2\/product_tag?post=1089"}],"curies":[{"name":"wp","href":"https:\/\/api.w.org\/{rel}","templated":true}]}}