{"id":807,"date":"2023-01-13T12:16:02","date_gmt":"2023-01-13T15:16:02","guid":{"rendered":"https:\/\/morenoysunyer.com\/esp\/?page_id=807"},"modified":"2023-05-30T10:50:15","modified_gmt":"2023-05-30T13:50:15","slug":"economia-plateada","status":"publish","type":"page","link":"https:\/\/morenoysunyer.com\/esp\/economia-plateada\/","title":{"rendered":"Econom\u00eda Plateada"},"content":{"rendered":"\n\n\n\n\n\n\n\nServicios en Punta del Este<br>\n\r\n<p>Encuesta sobre aspectos relativos a mejorar la oferta de servicios con miras a incentivar el afincamiento en la zona<\/p>\r\n\n\n\n\n\n<p style=\"font-size: 16px;\">&nbsp;<\/p>\n<p><i class=\"fa fa-check\"><\/i>&nbsp; Su participaci\u00f3n es de mucha ayuda para la comunidad.<\/p>\n<p><i class=\"fa fa-check\"><\/i> En atenci\u00f3n a su amable disposici\u00f3n, le informamos que por el solo hecho de completar cada encuesta, participa autom\u00e1ticamente en un sorteo de un Pack Agradecimiento.<\/p>\n<p><i class=\"fa fa-check\"><\/i> El mismo consistente en 1 botella de vino espumante y una botella de whisky.\n<\/p><p><i class=\"fa fa-check\"><\/i> Todas las semanas se sortear\u00e1 un pack hasta completar un total de 20.<\/p>\n<p><i class=\"fa fa-check\"><\/i>&nbsp; Cada encuesta es independiente no existiendo inconveniente en participar en cada una de ellas, pues el registros para cada sorteo es totalmente independiente uno de otro.<\/p>\n<p style=\"font-size: 16px;\"><span style=\"color: #636363;\">&nbsp;<\/span><\/p>\n\n\r\n<p style=\"font-size: 16px;\">\u00a0<\/p>\r\n<p><i class=\"fa fa-check\"><\/i>\u00a0 Pack obsequio a sortearse exclusivamente entre los amables participantes en la cualesquiera de las encuestas publicadas en nuestro sitio web.<\/p>\r\n<p><i class=\"fa fa-check\"><\/i>\u00a0 El sorteo se realizar\u00e1 cada semana, hasta terminar las existencias.<\/p>\r\n<p><i class=\"fa fa-check\"><\/i>\u00a0 Por no tratarse de un mecanismo publicitario, no se exige a los participantes la necesidad de revelar su identidad. La misma permanece en el anonimato, excepto expresa intenci\u00f3n del directamente beneficiado con el obsequio.<\/p>\r\n<p><i class=\"fa fa-check\"><\/i>\u00a0 Moreno &amp; Sunyer deslindan cualquier responsabilidad por derechos de uso de imagen o marca de los participantes.<\/p>\r\n\n\n\n\r\n<p><iframe loading=\"lazy\" src=\"https:\/\/docs.google.com\/forms\/d\/e\/1FAIpQLSfIdfLu9xqDZqHc8O7xYlhoBcFC_GEW0m0370cQmy5tG2tfXQ\/viewform?embedded=true\" width=\"100%\" height=\"800\" frameborder=\"0\" marginwidth=\"0\" marginheight=\"0\">Cargando\u2026<\/iframe><\/p>\r\n\n\n\n\n\n<p>Algunos ganadores de sorteos previos<br><\/p>\n<p>quienes decidieron hacer p\u00fablico el resultado producto del sorteo gracias a su colaboraci\u00f3n<br><\/p>\n\n\n\n\n\n<p>Muy lindo Detalle<br><\/p>\n<p class=\"item\"><\/p>\n<p>Un placer contribu\u00edr a mejorar este lugar que tanto quiero y disfruto. Ahora, tambien a disfrutar este obsequio!! Muy bueno!!<\/p>\n<p class=\"item\"><\/p>\n\n\n\n<\/p>\n<p>Que gusto!!<\/p>\n<p class=\"item\">\n<p>Interesantes temas para analizar. Son propuestas que toman relevancia cada vez mayor en esta zona.<\/p><p>Contento de colaborar y fel\u00edz con el obsequio. Salud! <br><\/p>\n<p class=\"item\"><\/p>\n\n\n\n<p>temas de importancia may\u00fascula<br><\/p>\n<p class=\"item\"><\/p>\n<p>Estamos analizando este tema por la salud de mi madre, que tanto queremos y nos gusta ver lo mejor posible. Respecto al regalito. Gracias a todo el equipo.<br><\/p>\n<p class=\"item\"><\/p>\n\n\n\n\n<p>otros estudios en curso<br><\/p>\n<p>Temas aplicables a varias zonas del pa\u00eds<br><\/p>\n\n\n\n\n<p style=\"font-size: 16px;\"><span style=\"color: #636363;\">Estudio tendiente a evaluar alternativas como soluci\u00f3n al creciente problema del estacionamiento.<br><\/span><\/p><p style=\"font-size: 16px;\"><span style=\"color: #636363;\"><br><\/span><\/p>\n<p class=\"item\"><\/p>\n\n\n<p style=\"font-size: 16px;\"><span style=\"color: #636363;\">Evaluaci\u00f3n de alternativas habitacionales para segmentos de estudiantes y profesionales jovenes.<\/span><\/p><p style=\"font-size: 16px;\"><span style=\"color: #636363;\"><br><\/span><\/p>\n<p class=\"item\"><\/p>\n\n\n<p style=\"font-size: 16px;\"><span style=\"color: #636363;\">Sondeo de opini\u00f3n respecto a implementaci\u00f3n de metodolog\u00edas e infraestructura para aprovechamiento de energ\u00edas renovables.<br><\/span><\/p>\n<p class=\"item\"><\/p>\n\n\n","protected":false},"excerpt":{"rendered":"","protected":false},"author":1,"featured_media":0,"parent":0,"menu_order":0,"comment_status":"closed","ping_status":"closed","template":"","meta":{"om_disable_all_campaigns":false,"pagelayer_contact_templates":[],"_pagelayer_content":"","_monsterinsights_skip_tracking":false,"_monsterinsights_sitenote_active":false,"_monsterinsights_sitenote_note":"","_monsterinsights_sitenote_category":0,"footnotes":""},"class_list":["post-807","page","type-page","status-publish","hentry"],"aioseo_notices":[],"jetpack_sharing_enabled":true,"_links":{"self":[{"href":"https:\/\/morenoysunyer.com\/esp\/wp-json\/wp\/v2\/pages\/807","targetHints":{"allow":["GET"]}}],"collection":[{"href":"https:\/\/morenoysunyer.com\/esp\/wp-json\/wp\/v2\/pages"}],"about":[{"href":"https:\/\/morenoysunyer.com\/esp\/wp-json\/wp\/v2\/types\/page"}],"author":[{"embeddable":true,"href":"https:\/\/morenoysunyer.com\/esp\/wp-json\/wp\/v2\/users\/1"}],"replies":[{"embeddable":true,"href":"https:\/\/morenoysunyer.com\/esp\/wp-json\/wp\/v2\/comments?post=807"}],"version-history":[{"count":40,"href":"https:\/\/morenoysunyer.com\/esp\/wp-json\/wp\/v2\/pages\/807\/revisions"}],"predecessor-version":[{"id":1039,"href":"https:\/\/morenoysunyer.com\/esp\/wp-json\/wp\/v2\/pages\/807\/revisions\/1039"}],"wp:attachment":[{"href":"https:\/\/morenoysunyer.com\/esp\/wp-json\/wp\/v2\/media?parent=807"}],"curies":[{"name":"wp","href":"https:\/\/api.w.org\/{rel}","templated":true}]}}