{"id":790,"date":"2023-01-12T15:48:44","date_gmt":"2023-01-12T18:48:44","guid":{"rendered":"https:\/\/morenoysunyer.com\/esp\/?page_id=790"},"modified":"2023-08-28T12:59:09","modified_gmt":"2023-08-28T15:59:09","slug":"servicios-2","status":"publish","type":"page","link":"https:\/\/morenoysunyer.com\/esp\/servicios-2\/","title":{"rendered":"Servicios"},"content":{"rendered":"\r\n\r\n\r\n\r\n\r\n\r\n\r\n\r\n\r\n\r\n\r\n\r\n\r\n<p>Nuestro equipo est\u00e1 a su disposici\u00f3n<\/p>\r\n<p class=\"item\">\r\n\r\n\r\n\r\n\r\n\r\n<\/p>\r\n<p>&nbsp;<\/p>\r\n<p style=\"font-size: 16px;\">\u00a0<\/p>\r\n<p><i class=\"fa fa-check\"><\/i>\u00a0\u00a0Reciba su renta en su cuenta bancaria.<\/p>\r\n<p><i class=\"fa fa-check\"><\/i>\u00a0\u00a0Nos encargamos de que cumpla sus obligaciones impositivas y expensas de forma f\u00e1cil y sin molestarlo.<\/p>\r\n<p><i class=\"fa fa-check\"><\/i>\u00a0 An\u00e1lisis detallado del potencial inquilino y su garant\u00eda, encarg\u00e1ndonos de todo y brind\u00e1ndole tranquilidad en caso de rescisi\u00f3n de contrato.<\/p>\r\n<p><i class=\"fa fa-check\"><\/i>\u00a0 Gesti\u00f3n de todos los aspectos relativos al mantenimiento de su propiedad.<\/p>\r\n<p>\u00a0<span style=\"color: #636363;\"> <br \/><\/span><\/p>\r\n<p class=\"item\">\u00a0<\/p>\r\n<p class=\"item\">\r\n\r\n\r\n\r\n<\/p>\r\n<p>&nbsp;<\/p>\r\n<p style=\"font-size: 16px;\">\u00a0<\/p>\r\n<p><i class=\"fa fa-check\"><\/i>\u00a0 Pr\u00e9stamos para construir de hasta el 50% del valor del terreno.<\/p>\r\n<p><i class=\"fa fa-check\"><\/i>\u00a0 Plazo de pago hasta en 10 a\u00f1os.<\/p>\r\n<p><i class=\"fa fa-check\"><\/i>\u00a0 SIN L\u00cdMITE DE EDAD.<\/p>\r\n<p><i class=\"fa fa-check\"><\/i>\u00a0 Cuotas en U$S super bajas.<\/p>\r\n<p>\u00a0Ej.: Valor del terreno U$S 40.000<\/p>\r\n<p>Pr\u00e9stamo U$S 20.000 en cuotas mensuales de U$S 305<\/p>\r\n<p>&nbsp;<\/p>\r\n<p>&nbsp;<\/p>\r\n<p>&nbsp;<\/p>\r\n<p class=\"item\">\u00a0<\/p>\r\n<p class=\"item\">\r\n\r\n\r\n\r\n<\/p>\r\n<p>&nbsp;<\/p>\r\n<p><i class=\"fa fa-check\"><\/i>\u00a0 Usted plantea sus gustos y necesidades.<\/p>\r\n<p><i class=\"fa fa-check\"><\/i>\u00a0 Nos encargamos de interpretar y cumplir sus criterios.<\/p>\r\n<p><i class=\"fa fa-check\"><\/i>\u00a0 Gestionamos los aspectos reglamentarios<\/p>\r\n<p><i class=\"fa fa-check\"><\/i>\u00a0 Negocios desde y hacia el exterior.<\/p>\r\n<p style=\"font-size: 16px;\"><span style=\"color: #636363;\">\u00a0<\/span><\/p>\r\n<p style=\"font-size: 16px;\"><span style=\"color: #636363;\">\u00a0<\/span><\/p>\r\n<p style=\"font-size: 16px;\"><span style=\"color: #636363;\">\u00a0<\/span><\/p>\r\n<p style=\"font-size: 16px;\"><span style=\"color: #636363;\">\u00a0<\/span><\/p>\r\n<p style=\"font-size: 16px;\"><span style=\"color: #636363;\">\u00a0<\/span><\/p>\r\n<p class=\"item\">\u00a0<\/p>\r\n<p class=\"item\">\r\n\r\n\r\n\r\n\r\n\r\n<\/p>\r\n<p>&nbsp;<\/p>\r\n<p style=\"font-size: 16px;\">\u00a0<\/p>\r\n<p><i class=\"fa fa-check\"><\/i>\u00a0\u00a0Estudios de factibilidad de proyectos de construcci\u00f3n.<\/p>\r\n<p><i class=\"fa fa-check\"><\/i>\u00a0 An\u00e1lisis de sistemas y procesos constructivos (metodos tradicionales, Steel Framing, Murofacil, etc).<\/p>\r\n<p><i class=\"fa fa-check\"><\/i>\u00a0 Proyectos de COHOUSING y VIVIENDAS TUTELADAS, en el marco de la \u00abEconom\u00eda Plateada\u00bb.<\/p>\r\n<p><i class=\"fa fa-check\"><\/i>\u00a0 Proyectos de construcci\u00f3n con HIPOTECA SOBRE EL TERRENO.<\/p>\r\n<p>\u00a0<span style=\"color: #636363;\">\u00a0<\/span><\/p>\r\n<p class=\"item\">\u00a0<\/p>\r\n<p class=\"item\">\r\n\r\n\r\n\r\n<\/p>\r\n<p>&nbsp;<\/p>\r\n<p style=\"font-size: 16px;\">\u00a0<\/p>\r\n<p><i class=\"fa fa-check\"><\/i>\u00a0 Formaci\u00f3n y gesti\u00f3n de grupos de Inversores en proyectos inmobiliarios para uso propio o renta.<\/p>\r\n<p><i class=\"fa fa-check\"><\/i>\u00a0 Nexo con grupos de inversores.<\/p>\r\n<p>&nbsp;<\/p>\r\n<p>&nbsp;<\/p>\r\n<p>&nbsp;<\/p>\r\n<p>&nbsp;<\/p>\r\n<p>&nbsp;<\/p>\r\n<p>&nbsp;<\/p>\r\n<p>&nbsp;<\/p>\r\n<p class=\"item\">\u00a0<\/p>\r\n<p class=\"item\">\r\n\r\n\r\n\r\n<\/p>\r\n<p>&nbsp;<\/p>\r\n<p style=\"font-size: 16px;\">\u00a0<\/p>\r\n<p><i class=\"fa fa-check\"><\/i>\u00a0 Contexto: Entendemos el contexto de la empresa de su mercado y las razones de la empresa para iniciar el proceso.<\/p>\r\n<p><i class=\"fa fa-check\"><\/i>\u00a0 Grupos focales: Nos apoyamos en diversas t\u00e9cnicas que nos permiten evaluar en cada segmento, su producto o servicio, antes y despu\u00e9s de salir al terreno.<\/p>\r\n<p>&nbsp;<\/p>\r\n<p style=\"font-size: 16px;\"><span style=\"color: #636363;\">\u00a0<\/span><\/p>\r\n<p class=\"item\">\r\n\r\n\r\n\r\n\r\n\r\n\r\n\r\n<\/p>\r\n<p>Scott Belsky<\/p>\r\n<p class=\"item\">\u00a0<\/p>\r\n<p class=\"item\">\r\n\r\n<\/p>\r\n<p>\u201cNo es sobre las ideas. Sino sobre hacer que estas se vuelvan realidad.\u201d<\/p>\r\n<p class=\"item\">\u00a0<\/p>\r\n<p class=\"item\">\r\n\r\n\r\n\r\n\r\n\r\n<\/p>\r\n<p>Naval Ravikant<\/p>\r\n<p class=\"item\">\r\n\r\n<\/p>\r\n<p>\u201cAprend\u00e9 a vender. Aprend\u00e9 a construir. Si pod\u00e9s hacer ambas, vas a ser imparable.\u201d<\/p>\r\n<p class=\"item\">\r\n\r\n\r\n\r\n\r\n\r\n<\/p>\r\n<p>\u00a0Chris Grosser<\/p>\r\n<p class=\"item\">\u00a0<\/p>\r\n<p class=\"item\">\r\n\r\n<\/p>\r\n<p>\u201cLas oportunidades no pasan, las cre\u00e1s.\u201d<\/p>\r\n<p class=\"item\"><\/p>","protected":false},"excerpt":{"rendered":"","protected":false},"author":1,"featured_media":0,"parent":0,"menu_order":0,"comment_status":"closed","ping_status":"closed","template":"","meta":{"om_disable_all_campaigns":false,"pagelayer_contact_templates":[],"_pagelayer_content":"","_monsterinsights_skip_tracking":false,"_monsterinsights_sitenote_active":false,"_monsterinsights_sitenote_note":"","_monsterinsights_sitenote_category":0,"footnotes":""},"class_list":["post-790","page","type-page","status-publish","hentry"],"aioseo_notices":[],"jetpack_sharing_enabled":true,"_links":{"self":[{"href":"https:\/\/morenoysunyer.com\/esp\/wp-json\/wp\/v2\/pages\/790","targetHints":{"allow":["GET"]}}],"collection":[{"href":"https:\/\/morenoysunyer.com\/esp\/wp-json\/wp\/v2\/pages"}],"about":[{"href":"https:\/\/morenoysunyer.com\/esp\/wp-json\/wp\/v2\/types\/page"}],"author":[{"embeddable":true,"href":"https:\/\/morenoysunyer.com\/esp\/wp-json\/wp\/v2\/users\/1"}],"replies":[{"embeddable":true,"href":"https:\/\/morenoysunyer.com\/esp\/wp-json\/wp\/v2\/comments?post=790"}],"version-history":[{"count":58,"href":"https:\/\/morenoysunyer.com\/esp\/wp-json\/wp\/v2\/pages\/790\/revisions"}],"predecessor-version":[{"id":1263,"href":"https:\/\/morenoysunyer.com\/esp\/wp-json\/wp\/v2\/pages\/790\/revisions\/1263"}],"wp:attachment":[{"href":"https:\/\/morenoysunyer.com\/esp\/wp-json\/wp\/v2\/media?parent=790"}],"curies":[{"name":"wp","href":"https:\/\/api.w.org\/{rel}","templated":true}]}}