{"id":35,"date":"2022-11-04T19:31:31","date_gmt":"2022-11-04T22:31:31","guid":{"rendered":"https:\/\/morenoysunyer.com\/esp\/properties\/"},"modified":"2023-08-28T12:57:05","modified_gmt":"2023-08-28T15:57:05","slug":"propiedades-3","status":"publish","type":"page","link":"https:\/\/morenoysunyer.com\/esp\/propiedades-3\/","title":{"rendered":"Propiedades"},"content":{"rendered":"\r\n\r\n\r\n\r\n\r\n\r\n\r\n\r\n\r\n\r\n\r\n\r\n\r\n<p>Casas familiares<\/p>\r\n\r\n\r\n\r\n<p>Hermosas propiedades para una vida placentera<\/p>\r\n\r\n\r\n\r\n\r\n\r\n\r\n\r\n\r\n\r\n<p>Negocios Hoteleros<\/p>\r\n\r\n\r\n\r\n<p>Invierta en un sector con pujanza en zonas de categor\u00eda<\/p>\r\n\r\n\r\n\r\n\r\n\r\n\r\n\r\n\r\n\r\n<p>Exclusivos Apartamentos<\/p>\r\n\r\n\r\n\r\n<p>Sea como inversi\u00f3n o vivienda, ofertas ideales<\/p>\r\n\r\n\r\n\r\n\r\n\r\n\r\n\r\n\r\n\r\n<p>Lujosas mansiones<\/p>\r\n\r\n\r\n\r\n<p>Calidad, calid\u00e9z, estilo, combinadas con el glamour que usted merece<\/p>\r\n\r\n\r\n\r\n\r\n\r\n\r\n\r\n\r\n\r\n<p>barrios privados<\/p>\r\n\r\n\r\n\r\n<p>Seguridad, tranquilidad y excelentes construcciones. Sitios ideales para su familia<\/p>\r\n\r\n\r\n\r\n\r\n\r\n\r\n\r\n\r\n\r\n<p>Campos y estancias<\/p>\r\n\r\n\r\n\r\n<p>Para producci\u00f3n agr\u00edcola o emprendimientos tur\u00edsticos, tenemos ofertas para usted<\/p>\r\n\r\n\r\n\r\n\r\n\r\n\r\n\r\n<p>&nbsp;<\/p>","protected":false},"excerpt":{"rendered":"<p>&nbsp;<\/p>\n","protected":false},"author":1,"featured_media":0,"parent":0,"menu_order":0,"comment_status":"closed","ping_status":"closed","template":"","meta":{"om_disable_all_campaigns":false,"pagelayer_contact_templates":[],"_pagelayer_content":"","_monsterinsights_skip_tracking":false,"_monsterinsights_sitenote_active":false,"_monsterinsights_sitenote_note":"","_monsterinsights_sitenote_category":0,"footnotes":""},"class_list":["post-35","page","type-page","status-publish","hentry"],"aioseo_notices":[],"jetpack_sharing_enabled":true,"_links":{"self":[{"href":"https:\/\/morenoysunyer.com\/esp\/wp-json\/wp\/v2\/pages\/35","targetHints":{"allow":["GET"]}}],"collection":[{"href":"https:\/\/morenoysunyer.com\/esp\/wp-json\/wp\/v2\/pages"}],"about":[{"href":"https:\/\/morenoysunyer.com\/esp\/wp-json\/wp\/v2\/types\/page"}],"author":[{"embeddable":true,"href":"https:\/\/morenoysunyer.com\/esp\/wp-json\/wp\/v2\/users\/1"}],"replies":[{"embeddable":true,"href":"https:\/\/morenoysunyer.com\/esp\/wp-json\/wp\/v2\/comments?post=35"}],"version-history":[{"count":38,"href":"https:\/\/morenoysunyer.com\/esp\/wp-json\/wp\/v2\/pages\/35\/revisions"}],"predecessor-version":[{"id":1266,"href":"https:\/\/morenoysunyer.com\/esp\/wp-json\/wp\/v2\/pages\/35\/revisions\/1266"}],"wp:attachment":[{"href":"https:\/\/morenoysunyer.com\/esp\/wp-json\/wp\/v2\/media?parent=35"}],"curies":[{"name":"wp","href":"https:\/\/api.w.org\/{rel}","templated":true}]}}