{"id":34,"date":"2022-11-04T19:31:31","date_gmt":"2022-11-04T22:31:31","guid":{"rendered":"https:\/\/morenoysunyer.com\/esp\/about\/"},"modified":"2023-08-28T13:35:53","modified_gmt":"2023-08-28T16:35:53","slug":"moreno-y-sunyer","status":"publish","type":"page","link":"https:\/\/morenoysunyer.com\/esp\/moreno-y-sunyer\/","title":{"rendered":"Moreno &#038; Sunyer Asociados"},"content":{"rendered":"\n\n\n\n\n\n\n\n\r\n<p>con\u00f3zcanos<\/p>\r\n\n\n\r\n<p><span class=\"pagelayer-address\">Rambla. O&#8217;Higgins 4715 of. 403, Montevideo<br \/><\/span><\/p>\r\n\n\n\n\n\r\n<p>Casas<\/p>\r\n\n\r\n<p>Apartamentos<\/p>\r\n\n\r\n<p>Terrenos<\/p>\r\n\n\n\n\n\n\r\n<p>Edificios y negocios<\/p>\r\n\n\r\n<p>estancias y campos<\/p>\r\n\n\r\n<p>hipotecas sobre terrenos<\/p>\r\n\n\n\n\n\n\n\r\n<p>podemos ayudarlo<\/p>\r\n\n\r\n<p>Los or\u00edgenes de nuestra empresa est\u00e1n \u00edntimamente ligados a la relaci\u00f3n cultivada a lo largo del tiempo, con distintos grupos econ\u00f3micos de varias zonas del globo.<\/p>\r\n\n\r\n<p>Esta relaci\u00f3n tuvo sus derivaciones, llev\u00e1ndonos a ser generadores de oportunidades de negocios para nuestros clientes, en las m\u00e1s diversos segmentos y zonas del globo.<\/p>\r\n\n\r\n<p>El tiempo nos ha llevado a esta nueva etapa: consolidar el rubro de real estate en zonas de pujanza y potencial de desarrollo.<\/p>\r\n\n\r\n<p>Con la discreci\u00f3n y conducta que nos ha caracterizado, la experiencia adquirida y las herramientas promocionales y de post-producci\u00f3n m\u00e1s actuales, estamos en condiciones para hacer que el negocio que imagina, se concrete r\u00e1pida y felizmente.<\/p>\r\n\n\r\n<p>Nuestro equipo de profesionales est\u00e1n a su disposici\u00f3n: usted lo busca, nosotros encontramos la mejor propuesta para sus necesidades.<\/p>\r\n\n\n\n\n\n\r\n<p>Nuestro equipo est\u00e1 a su disposici\u00f3n<\/p>\r\n<p class=\"item\">\n\n\n\r\n\r\n\n<p ><\/p>\n<p>Marcel Moreno<\/p>\n<p>Fundador de Marcel Moreno propiedades, Co-fundador y CEO de Moreno &amp; Sunyer Asociados.<\/p>\n\n\n<\/p>\r\n<p>Conf\u00ede en nosotros<\/p>\r\n<p class=\"item\">\nTenemos la experiencia y el entusiasmo para llevar adelante su proyecto, donde sea que se encuentre.<br \/>\n<\/p>\r\n<p>Disponemos de una amplia cartera de interesados en todo tipo de propiedades y negocios.<\/p>\r\n<p class=\"item\">\n<\/p>\r\n<p>Contamos con una amplia gama de ofertas para usted. Y si no estuviera disponible la de su preferencia, se la conseguimos. Es nuestro compromiso con su preferencia.<\/p>\r\n<p class=\"item\">\n\n\n\n\n\n\n\n<\/p>\r\n<p>Nuestro equipo<\/p>\r\n<p class=\"item\">\n\r\n\r\n\n<\/p>\r\n<p>Profesionales proactivos y siempre dispuestos a brindarle el mayor esfuerzo para su\u00a0 satisfacci\u00f3n<\/p>\r\n<p class=\"item\">\n\n\n\n\n\n\n\n<\/p>\r\n<p>fant\u00e1stico<\/p>\r\n<p class=\"item\">\n<\/p>\r\n<p>Ten\u00edamos ciertos requerimientos para la vivienda que quer\u00edamos pero realmente, la casa en barrio privado que nos consiguieron, excedi\u00f3 en mucho las espectativas que nos hab\u00edamos creado.<\/p>\r\n<p class=\"item\">\n\n\n\n<\/p>\r\n<p>Excelente orientaci\u00f3n<\/p>\r\n<p class=\"item\">\n<p>Somos cultores del Feng shui,y realmente para nosotros el tema de la orientaci\u00f3n es muy importante. Nadie se tom\u00f3 el tiempo de atender, entender, buscar lo que dese\u00e1bamos. Nos congratulamos de haber acudido a ustedes!!<\/p>\n<p class=\"item\"><\/p>\n\n\n\n<\/p>\r\n<p>Muy buenas Propiedades<\/p>\r\n<p class=\"item\">\n<p><\/p>\n<p>Que buenas oportunidades que encontramos publicado en el cat\u00e1logo, y ni que hablar de las que nos mostraron al visitar sus oficinas!, Cafecito de por medio, nos decidimos.<\/p>\n<p class=\"item\"><\/p>\n\n\n\n<p><\/p>\n<p>Soluciones a todo!!<br><\/p>\n<p class=\"item\"><\/p>\n<p><\/p>\n<p>Tal cual! Me consiguieron un pr\u00e9stamo hipotecario por mi terreno, la constructora de primer nivel, la comercializaci\u00f3n de los apartamentos, y me los administran. Yo, solo disfrutar de los ingresos y CERO PROBLEMAS!!!<br><\/p>\n<p class=\"item\"><\/p>\n\n\n","protected":false},"excerpt":{"rendered":"","protected":false},"author":1,"featured_media":0,"parent":0,"menu_order":0,"comment_status":"closed","ping_status":"closed","template":"","meta":{"om_disable_all_campaigns":false,"pagelayer_contact_templates":[],"_pagelayer_content":"","_monsterinsights_skip_tracking":false,"_monsterinsights_sitenote_active":false,"_monsterinsights_sitenote_note":"","_monsterinsights_sitenote_category":0,"footnotes":""},"class_list":["post-34","page","type-page","status-publish","hentry"],"aioseo_notices":[],"jetpack_sharing_enabled":true,"_links":{"self":[{"href":"https:\/\/morenoysunyer.com\/esp\/wp-json\/wp\/v2\/pages\/34","targetHints":{"allow":["GET"]}}],"collection":[{"href":"https:\/\/morenoysunyer.com\/esp\/wp-json\/wp\/v2\/pages"}],"about":[{"href":"https:\/\/morenoysunyer.com\/esp\/wp-json\/wp\/v2\/types\/page"}],"author":[{"embeddable":true,"href":"https:\/\/morenoysunyer.com\/esp\/wp-json\/wp\/v2\/users\/1"}],"replies":[{"embeddable":true,"href":"https:\/\/morenoysunyer.com\/esp\/wp-json\/wp\/v2\/comments?post=34"}],"version-history":[{"count":166,"href":"https:\/\/morenoysunyer.com\/esp\/wp-json\/wp\/v2\/pages\/34\/revisions"}],"predecessor-version":[{"id":1274,"href":"https:\/\/morenoysunyer.com\/esp\/wp-json\/wp\/v2\/pages\/34\/revisions\/1274"}],"wp:attachment":[{"href":"https:\/\/morenoysunyer.com\/esp\/wp-json\/wp\/v2\/media?parent=34"}],"curies":[{"name":"wp","href":"https:\/\/api.w.org\/{rel}","templated":true}]}}