{"id":1153,"date":"2023-08-10T10:08:42","date_gmt":"2023-08-10T13:08:42","guid":{"rendered":"https:\/\/morenoysunyer.com\/esp\/?page_id=1153"},"modified":"2023-08-11T11:33:58","modified_gmt":"2023-08-11T14:33:58","slug":"estudios-de-mercado","status":"publish","type":"page","link":"https:\/\/morenoysunyer.com\/esp\/estudios-de-mercado\/","title":{"rendered":"Estudios de mercado"},"content":{"rendered":"\n\n\n\n\n\n\n\n\r\n<p>Nuestro equipo est\u00e1 a su disposici\u00f3n<\/p>\r\n<p class=\"item\">\n\n\n\n\n<\/p>\r\n<p style=\"font-size: 16px;\">\u00a0<\/p>\r\n<p><i class=\"fa fa-check\"><\/i>\u00a0\u00a0Los procesos de compra de los clientes han cambiado. El nuevo customer journey de los clientes exigen que las empresas cambien y se adapten a una nueva forma de vender.<\/p>\r\n<p><i class=\"fa fa-check\"><\/i>\u00a0 Nos encargamos de todos los aspectos de implementaci\u00f3n, para darle una respuesta personalizada a cada reto que le plantean sus clientes.<\/p>\r\n<p>&nbsp;<\/p>\r\n<p style=\"font-size: 16px;\"><span style=\"color: #636363;\">\u00a0<\/span><\/p>\r\n<p class=\"item\">\n\n\n<p style=\"font-size: 16px;\">&nbsp;<\/p>\n<p><i class=\"fa fa-check\"><\/i>&nbsp; Contexto: Entendemos el contexto de la empresa de su mercado y las razones de la empresa para iniciar el proceso.<\/p>\n<p><i class=\"fa fa-check\"><\/i>&nbsp; Grupos focales: Nos apoyamos en diversas t\u00e9cnicas que nos permiten evaluar en cada segmento, su producto o servicio, antes y despu\u00e9s de salir al terreno.<\/p>\n<p>&nbsp;<\/p>\n<p style=\"font-size: 16px;\"><span style=\"color: #636363;\">&nbsp;<\/span><\/p>\n<p class=\"item\"><\/p>\n\n\n<p>&nbsp;<\/p>\n<p style=\"font-size: 16px;\">&nbsp;<\/p>\n<p><i class=\"fa fa-check\"><\/i>&nbsp; Gesti\u00f3n del cambio: Establecemos los procesos de cambio de los equipos de forma que adopten la nueva metodolog\u00eda de modo m\u00e1s efectivo y r\u00e1pido posible.<\/p>\n<p><i class=\"fa fa-check\"><\/i>&nbsp; Medici\u00f3n del resultado: en cada fase medimos el avance y en la finalizaci\u00f3n del proyecto establecemos el ROI exacto del proyecto.<\/p>\n<p style=\"font-size: 16px;\"><span style=\"color: #636363;\">&nbsp;<\/span><\/p>\n<p class=\"item\">&nbsp;<\/p>\n<p class=\"item\"><\/p>\n\n\n\n\n<\/p>\r\n<p>H\u00e1ganos saber sus proyectos, y lo ayudaremos a realizarlos<\/p>\r\n<p class=\"item\">\n<\/p>\r\n<p>Encuestas en Proceso<\/p>\r\n<p class=\"item\">\n\n\n\n\n<\/p>\r\n<p style=\"font-size: 16px;\"><span style=\"color: #636363;\">Encuesta sobre aspectos relativos a mejorar la oferta de servicios con miras a incentivar el afincamiento en la zona.<\/span><\/p>\r\n<p style=\"font-size: 16px;\"><span style=\"color: #636363;\">\u00a0<\/span><\/p>\r\n<p class=\"item\">\u00a0<\/p>\r\n<p class=\"item\">\n\n\n<\/p>\r\n<p style=\"font-size: 16px;\"><span style=\"color: #636363;\">Evaluaci\u00f3n de alternativas habitacionales para segmentos de estudiantes y profesionales j\u00f3venes.<\/span><\/p>\r\n<p style=\"font-size: 16px;\"><span style=\"color: #636363;\">\u00a0<\/span><\/p>\r\n<p style=\"font-size: 16px;\"><span style=\"color: #636363;\">\u00a0<\/span><\/p>\r\n<p class=\"item\">\u00a0<\/p>\r\n<p class=\"item\">\n\n\n<\/p>\r\n<p style=\"font-size: 16px;\"><span style=\"color: #636363;\">Estudio tendiente a evaluar alternativas como soluci\u00f3n al creciente problema del estacionamiento.<\/span><\/p>\r\n<p style=\"font-size: 16px;\"><span style=\"color: #636363;\">\u00a0<\/span><\/p>\r\n<p style=\"font-size: 16px;\"><span style=\"color: #636363;\">\u00a0<\/span><\/p>\r\n<p class=\"item\">\u00a0<\/p>\r\n<p class=\"item\">\n\n\n<\/p>\r\n<p style=\"font-size: 16px;\"><span style=\"color: #636363;\">Sondeo respecto a implementaci\u00f3n de metodolog\u00edas e infraestructura para aprovechamiento de energ\u00edas renovables.<\/span><\/p>\r\n<p class=\"item\">\u00a0<\/p>\r\n<p class=\"item\">\n\n\n\n\n\n<\/p>\r\n<p>Scott Belsky<\/p>\r\n<p class=\"item\">\u00a0<\/p>\r\n<p class=\"item\">\n<\/p>\r\n<p>\u201cNo es sobre las ideas. Sino sobre hacer que estas se vuelvan realidad.\u201d<\/p>\r\n<p class=\"item\">\u00a0<\/p>\r\n<p class=\"item\">\n\n\n\n<\/p>\r\n<p>Naval Ravikant<\/p>\r\n<p class=\"item\">\n<\/p>\r\n<p>\u201cAprend\u00e9 a vender. Aprend\u00e9 a construir. Si pod\u00e9s hacer ambas, vas a ser imparable.\u201d<\/p>\r\n<p class=\"item\">\n\n\n\n<\/p>\r\n<p>\u00a0Chris Grosser<\/p>\r\n<p class=\"item\">\u00a0<\/p>\r\n<p class=\"item\">\n<\/p>\r\n<p>\u201cLas oportunidades no pasan, las cre\u00e1s.\u201d<\/p>\r\n<p class=\"item\">\n\n\n","protected":false},"excerpt":{"rendered":"","protected":false},"author":1,"featured_media":0,"parent":0,"menu_order":0,"comment_status":"closed","ping_status":"closed","template":"","meta":{"om_disable_all_campaigns":false,"pagelayer_contact_templates":[],"_pagelayer_content":"","_monsterinsights_skip_tracking":false,"_monsterinsights_sitenote_active":false,"_monsterinsights_sitenote_note":"","_monsterinsights_sitenote_category":0,"footnotes":""},"class_list":["post-1153","page","type-page","status-publish","hentry"],"aioseo_notices":[],"jetpack_sharing_enabled":true,"_links":{"self":[{"href":"https:\/\/morenoysunyer.com\/esp\/wp-json\/wp\/v2\/pages\/1153","targetHints":{"allow":["GET"]}}],"collection":[{"href":"https:\/\/morenoysunyer.com\/esp\/wp-json\/wp\/v2\/pages"}],"about":[{"href":"https:\/\/morenoysunyer.com\/esp\/wp-json\/wp\/v2\/types\/page"}],"author":[{"embeddable":true,"href":"https:\/\/morenoysunyer.com\/esp\/wp-json\/wp\/v2\/users\/1"}],"replies":[{"embeddable":true,"href":"https:\/\/morenoysunyer.com\/esp\/wp-json\/wp\/v2\/comments?post=1153"}],"version-history":[{"count":4,"href":"https:\/\/morenoysunyer.com\/esp\/wp-json\/wp\/v2\/pages\/1153\/revisions"}],"predecessor-version":[{"id":1180,"href":"https:\/\/morenoysunyer.com\/esp\/wp-json\/wp\/v2\/pages\/1153\/revisions\/1180"}],"wp:attachment":[{"href":"https:\/\/morenoysunyer.com\/esp\/wp-json\/wp\/v2\/media?parent=1153"}],"curies":[{"name":"wp","href":"https:\/\/api.w.org\/{rel}","templated":true}]}}